{"id":11143,"date":"2025-04-23T13:44:29","date_gmt":"2025-04-23T13:44:29","guid":{"rendered":"https:\/\/boldhispanic.marketing\/newsite\/?page_id=11143"},"modified":"2025-05-19T15:17:27","modified_gmt":"2025-05-19T15:17:27","slug":"contacto","status":"publish","type":"page","link":"https:\/\/boldhispanic.marketing\/newsite\/es\/contacto\/","title":{"rendered":"Contacto"},"content":{"rendered":"\t\t<div data-elementor-type=\"wp-page\" data-elementor-id=\"11143\" class=\"elementor elementor-11143\" data-elementor-post-type=\"page\">\n\t\t\t\t<div class=\"elementor-element elementor-element-80adb3e e-con-full e-flex no e-con e-parent\" data-id=\"80adb3e\" data-element_type=\"container\" data-settings=\"{&quot;background_background&quot;:&quot;classic&quot;}\">\n\t\t<div class=\"elementor-element elementor-element-34a4791 e-con-full e-flex no e-con e-child\" data-id=\"34a4791\" data-element_type=\"container\">\n\t\t\t\t<div class=\"elementor-element elementor-element-056fea0 elementor-widget elementor-widget-ms_text_ticker\" data-id=\"056fea0\" data-element_type=\"widget\" data-widget_type=\"ms_text_ticker.default\">\n\t\t\t\t<div class=\"elementor-widget-container\">\n\t\t\t\t\t        <div class=\"ms-text-ticker\">\r\n            <div id=\"056fea0\" class=\"ms-tt-wrap\" data-speed=\"\" data-direction=\"left\" data-scroll=\"off\" data-hover=\"slow_down\">\r\n                <div>\r\n\r\n                    <ul class=\"ms-tt\">\r\n\r\n                                                <li class=\"ms-tt__text\">Trabajemos Juntos&nbsp;<\/li>\r\n                                                            <li class=\"ms-tt__text img\"><img decoding=\"async\" src=\"https:\/\/boldhispanic.marketing\/newsite\/wp-content\/uploads\/2025\/02\/Image_20250204_160916_304.png\"\/><\/li>\r\n                                                                                <li class=\"ms-tt__text\">Trabajemos Juntos&nbsp;<\/li>\r\n                                                            <li class=\"ms-tt__text img\"><img decoding=\"async\" src=\"https:\/\/boldhispanic.marketing\/newsite\/wp-content\/uploads\/2025\/02\/Image_20250204_160916_304.png\"\/><\/li>\r\n                                                                                <li class=\"ms-tt__text\">Trabajemos Juntos&nbsp;<\/li>\r\n                                                            <li class=\"ms-tt__text img\"><img decoding=\"async\" src=\"https:\/\/boldhispanic.marketing\/newsite\/wp-content\/uploads\/2025\/02\/Image_20250204_160916_304.png\"\/><\/li>\r\n                                                                                <li class=\"ms-tt__text\">Trabajemos Juntos&nbsp;<\/li>\r\n                                                            <li class=\"ms-tt__text img\"><img decoding=\"async\" src=\"https:\/\/boldhispanic.marketing\/newsite\/wp-content\/uploads\/2025\/02\/Image_20250204_160916_304.png\"\/><\/li>\r\n                                                                                <li class=\"ms-tt__text\">Trabajemos Juntos&nbsp;<\/li>\r\n                                                            <li class=\"ms-tt__text img\"><img decoding=\"async\" src=\"https:\/\/boldhispanic.marketing\/newsite\/wp-content\/uploads\/2025\/02\/Image_20250204_160916_304.png\"\/><\/li>\r\n                                                                                <li class=\"ms-tt__text\">Trabajemos Juntos&nbsp;<\/li>\r\n                                                            <li class=\"ms-tt__text img\"><img decoding=\"async\" src=\"https:\/\/boldhispanic.marketing\/newsite\/wp-content\/uploads\/2025\/02\/Image_20250204_160916_304.png\"\/><\/li>\r\n                                                        \r\n                    <\/ul>\r\n                    \r\n                <\/div>\r\n            <\/div>\r\n        <\/div>\r\n        \t\t\t\t<\/div>\n\t\t\t\t<\/div>\n\t\t\t\t<\/div>\n\t\t\t\t<\/div>\n\t\t<div class=\"elementor-element elementor-element-708bc84 e-flex e-con-boxed no e-con e-parent\" data-id=\"708bc84\" data-element_type=\"container\">\n\t\t\t\t\t<div class=\"e-con-inner\">\n\t\t<div class=\"elementor-element elementor-element-63f2fde e-con-full e-flex no e-con e-child\" data-id=\"63f2fde\" data-element_type=\"container\">\n\t\t\t\t<div class=\"elementor-element elementor-element-0eb5fc3 elementor-widget elementor-widget-ms_animated_headline\" data-id=\"0eb5fc3\" data-element_type=\"widget\" data-widget_type=\"ms_animated_headline.default\">\n\t\t\t\t<div class=\"elementor-widget-container\">\n\t\t\t\t\t\r\n        <div class=\"ms-ah-wrapper\">\r\n            <h1 class=\"content__title\" data-splitting data-effect3 data-scroll=\"on\">\r\n            \tHablemos \u2013 Estamos aqu\u00ed para ti\n            <\/h1>\r\n        <\/div>\r\n        \r\n    \t\t\t\t<\/div>\n\t\t\t\t<\/div>\n\t\t\t\t<div class=\"elementor-element elementor-element-9ca271e elementor-widget elementor-widget-text-editor\" data-id=\"9ca271e\" data-element_type=\"widget\" data-widget_type=\"text-editor.default\">\n\t\t\t\t<div class=\"elementor-widget-container\">\n\t\t\t\t\t\t\t\t\t<p>Ya sea que quieras lanzar una campa\u00f1a multicultural con todo el power de BOLD, explorar c\u00f3mo la cultura impulsa la conexi\u00f3n, o simplemente decir hola, estamos aqu\u00ed para eso y para ti.<\/p><p>\u00a0<\/p><p>En <strong>BOLD<\/strong>, creemos que el cambio real comienza con conversaciones reales. As\u00ed que adelante: escr\u00edbenos con tus grandes ideas, tus dudas\u2026 o incluso el chisme de tu t\u00eda sobre las \u00faltimas tendencias culturales. \u00a1Nos encanta todo eso!<\/p>\t\t\t\t\t\t\t\t<\/div>\n\t\t\t\t<\/div>\n\t\t\t\t<\/div>\n\t\t<div class=\"elementor-element elementor-element-358ab14 e-con-full e-flex no e-con e-child\" data-id=\"358ab14\" data-element_type=\"container\">\n\t\t\t\t<div class=\"elementor-element elementor-element-8cbf3c4 elementor-widget elementor-widget-image\" data-id=\"8cbf3c4\" data-element_type=\"widget\" data-widget_type=\"image.default\">\n\t\t\t\t<div class=\"elementor-widget-container\">\n\t\t\t\t\t\t\t\t\t\t\t\t\t\t\t<img fetchpriority=\"high\" decoding=\"async\" width=\"843\" height=\"615\" src=\"https:\/\/boldhispanic.marketing\/newsite\/wp-content\/uploads\/2025\/05\/bold-ads-2024-1080-x-1080-px-2.png\" class=\"attachment-full size-full wp-image-11886\" alt=\"\" srcset=\"https:\/\/boldhispanic.marketing\/newsite\/wp-content\/uploads\/2025\/05\/bold-ads-2024-1080-x-1080-px-2.png 843w, https:\/\/boldhispanic.marketing\/newsite\/wp-content\/uploads\/2025\/05\/bold-ads-2024-1080-x-1080-px-2-300x219.png 300w, https:\/\/boldhispanic.marketing\/newsite\/wp-content\/uploads\/2025\/05\/bold-ads-2024-1080-x-1080-px-2-768x560.png 768w, https:\/\/boldhispanic.marketing\/newsite\/wp-content\/uploads\/2025\/05\/bold-ads-2024-1080-x-1080-px-2-367x268.png 367w, https:\/\/boldhispanic.marketing\/newsite\/wp-content\/uploads\/2025\/05\/bold-ads-2024-1080-x-1080-px-2-500x365.png 500w, https:\/\/boldhispanic.marketing\/newsite\/wp-content\/uploads\/2025\/05\/bold-ads-2024-1080-x-1080-px-2-700x511.png 700w\" sizes=\"(max-width: 843px) 100vw, 843px\" \/>\t\t\t\t\t\t\t\t\t\t\t\t\t\t\t<\/div>\n\t\t\t\t<\/div>\n\t\t\t\t<\/div>\n\t\t\t\t\t<\/div>\n\t\t\t\t<\/div>\n\t\t<div class=\"elementor-element elementor-element-dbee0f5 e-flex e-con-boxed no e-con e-parent\" data-id=\"dbee0f5\" data-element_type=\"container\" data-settings=\"{&quot;background_background&quot;:&quot;classic&quot;}\">\n\t\t\t\t\t<div class=\"e-con-inner\">\n\t\t<div class=\"elementor-element elementor-element-0f8fb65 e-con-full e-flex no e-con e-child\" data-id=\"0f8fb65\" data-element_type=\"container\">\n\t\t\t\t<div class=\"elementor-element elementor-element-5c62491 elementor-widget elementor-widget-heading\" data-id=\"5c62491\" data-element_type=\"widget\" data-widget_type=\"heading.default\">\n\t\t\t\t<div class=\"elementor-widget-container\">\n\t\t\t\t\t<h2 class=\"elementor-heading-title elementor-size-default\">Cont\u00e1ctanos cuando quieras<\/h2>\t\t\t\t<\/div>\n\t\t\t\t<\/div>\n\t\t\t\t<div class=\"elementor-element elementor-element-80cb43a elementor-widget elementor-widget-text-editor\" data-id=\"80cb43a\" data-element_type=\"widget\" data-widget_type=\"text-editor.default\">\n\t\t\t\t<div class=\"elementor-widget-container\">\n\t\t\t\t\t\t\t\t\t<p>Un solo correo, infinitas posibilidades. Ya sea para hablar de nuevos proyectos, consultas de prensa, alianzas\u2026 o simplemente para hacer un vibe check, nos aseguramos de que tu mensaje llegue a la persona indicada en nuestro equipo.<\/p>\t\t\t\t\t\t\t\t<\/div>\n\t\t\t\t<\/div>\n\t\t\t\t<\/div>\n\t\t<div class=\"elementor-element elementor-element-4867332 e-con-full e-flex no e-con e-child\" data-id=\"4867332\" data-element_type=\"container\">\n\t\t\t\t<div class=\"elementor-element elementor-element-961642b elementor-widget elementor-widget-heading\" data-id=\"961642b\" data-element_type=\"widget\" data-widget_type=\"heading.default\">\n\t\t\t\t<div class=\"elementor-widget-container\">\n\t\t\t\t\t<h2 class=\"elementor-heading-title elementor-size-default\">Con ra\u00edces en la cultura. Dise\u00f1ados para conectar.\n<\/h2>\t\t\t\t<\/div>\n\t\t\t\t<\/div>\n\t\t\t\t<div class=\"elementor-element elementor-element-43fdb53 elementor-widget elementor-widget-text-editor\" data-id=\"43fdb53\" data-element_type=\"widget\" data-widget_type=\"text-editor.default\">\n\t\t\t\t<div class=\"elementor-widget-container\">\n\t\t\t\t\t\t\t\t\t<p>Estamos orgullosamente arraigados en la <span style=\"text-decoration: underline;\"><strong>cultura<\/strong><\/span> y la comunidad; pero nuestro alcance no tiene fronteras. Ya est\u00e9s a la vuelta de la esquina o al otro lado del pa\u00eds, estamos listos para colaborar contigo.<\/p>\t\t\t\t\t\t\t\t<\/div>\n\t\t\t\t<\/div>\n\t\t\t\t<\/div>\n\t\t\t\t\t<\/div>\n\t\t\t\t<\/div>\n\t\t<div class=\"elementor-element elementor-element-5e15f14 e-flex e-con-boxed no e-con e-parent\" data-id=\"5e15f14\" data-element_type=\"container\" data-settings=\"{&quot;background_background&quot;:&quot;classic&quot;}\">\n\t\t\t\t\t<div class=\"e-con-inner\">\n\t\t<div class=\"elementor-element elementor-element-190dbff e-con-full e-flex no e-con e-child\" data-id=\"190dbff\" data-element_type=\"container\" data-settings=\"{&quot;background_background&quot;:&quot;classic&quot;}\">\n\t\t\t\t<div class=\"elementor-element elementor-element-d79c512 elementor-widget elementor-widget-ms_animated_headline\" data-id=\"d79c512\" data-element_type=\"widget\" data-widget_type=\"ms_animated_headline.default\">\n\t\t\t\t<div class=\"elementor-widget-container\">\n\t\t\t\t\t\r\n        <div class=\"ms-ah-wrapper\">\r\n            <h1 class=\"content__title\" data-splitting data-effect3 data-scroll=\"on\">\r\n            \t\u00bfPrefieres llenar un formulario?\n            <\/h1>\r\n        <\/div>\r\n        \r\n    \t\t\t\t<\/div>\n\t\t\t\t<\/div>\n\t\t\t\t<div class=\"elementor-element elementor-element-f803a46 elementor-widget elementor-widget-text-editor\" data-id=\"f803a46\" data-element_type=\"widget\" data-widget_type=\"text-editor.default\">\n\t\t\t\t<div class=\"elementor-widget-container\">\n\t\t\t\t\t\t\t\t\t<p>Tambi\u00e9n lo tenemos. R\u00e1pido, f\u00e1cil y sin compromiso.<\/p>\t\t\t\t\t\t\t\t<\/div>\n\t\t\t\t<\/div>\n\t\t\t\t<div class=\"elementor-element elementor-element-6296a89 e-transform elementor-widget elementor-widget-image\" data-id=\"6296a89\" data-element_type=\"widget\" data-settings=\"{&quot;_transform_flipX_effect&quot;:&quot;transform&quot;}\" data-widget_type=\"image.default\">\n\t\t\t\t<div class=\"elementor-widget-container\">\n\t\t\t\t\t\t\t\t\t\t\t\t\t\t\t<img decoding=\"async\" src=\"https:\/\/boldhispanic.marketing\/newsite\/wp-content\/uploads\/elementor\/thumbs\/Small-Business-Landing-Page-4-r4cjeq9xhhk57dqbcadt0w9sqzat32ju5upw2ul66g.jpg\" title=\"Small-Business-Landing-Page-4.jpg\" alt=\"Small-Business-Landing-Page-4.jpg\" loading=\"lazy\" \/>\t\t\t\t\t\t\t\t\t\t\t\t\t\t\t<\/div>\n\t\t\t\t<\/div>\n\t\t\t\t<\/div>\n\t\t<div class=\"elementor-element elementor-element-95f55a1 e-con-full e-flex no e-con e-child\" data-id=\"95f55a1\" data-element_type=\"container\">\n\t\t<div class=\"elementor-element elementor-element-1dcbf7d e-con-full e-flex no e-con e-child\" data-id=\"1dcbf7d\" data-element_type=\"container\">\n\t\t<div class=\"elementor-element elementor-element-d11f46b e-con-full e-flex no e-con e-child\" data-id=\"d11f46b\" data-element_type=\"container\">\n\t\t\t\t<div class=\"elementor-element elementor-element-cee5e00 elementor-widget elementor-widget-heading\" data-id=\"cee5e00\" data-element_type=\"widget\" data-widget_type=\"heading.default\">\n\t\t\t\t<div class=\"elementor-widget-container\">\n\t\t\t\t\t<h2 class=\"elementor-heading-title elementor-size-default\">Ll\u00e1manos<\/h2>\t\t\t\t<\/div>\n\t\t\t\t<\/div>\n\t\t\t\t<div class=\"elementor-element elementor-element-9400531 elementor-widget elementor-widget-ms-simple-link\" data-id=\"9400531\" data-element_type=\"widget\" data-widget_type=\"ms-simple-link.default\">\n\t\t\t\t<div class=\"elementor-widget-container\">\n\t\t\t\t\t\r\n        <a class=\"ms-sl\" role=\"button\" data-transition=\"no\" data-style=\"no\" href=\"tel:+14079492640\" target=\"hidden-iframe\">\r\n\r\n            \r\n            +1 (407) 949-2640\r\n            \r\n        <\/a>\r\n\r\n        \t\t\t\t<\/div>\n\t\t\t\t<\/div>\n\t\t\t\t<\/div>\n\t\t<div class=\"elementor-element elementor-element-6b91486 e-con-full e-flex no e-con e-child\" data-id=\"6b91486\" data-element_type=\"container\">\n\t\t\t\t<div class=\"elementor-element elementor-element-e795c83 elementor-widget elementor-widget-heading\" data-id=\"e795c83\" data-element_type=\"widget\" data-widget_type=\"heading.default\">\n\t\t\t\t<div class=\"elementor-widget-container\">\n\t\t\t\t\t<h2 class=\"elementor-heading-title elementor-size-default\">Escr\u00edbenos<\/h2>\t\t\t\t<\/div>\n\t\t\t\t<\/div>\n\t\t\t\t<div class=\"elementor-element elementor-element-4f985f8 elementor-widget elementor-widget-ms-simple-link\" data-id=\"4f985f8\" data-element_type=\"widget\" data-widget_type=\"ms-simple-link.default\">\n\t\t\t\t<div class=\"elementor-widget-container\">\n\t\t\t\t\t\r\n        <a class=\"ms-sl\" role=\"button\" data-transition=\"no\" data-style=\"no\" href=\"mailto:hello@boldhispanic.marketing\" target=\"hidden-iframe\">\r\n\r\n            \r\n            hello@boldhispanic.marketing\r\n            \r\n        <\/a>\r\n\r\n        \t\t\t\t<\/div>\n\t\t\t\t<\/div>\n\t\t\t\t<\/div>\n\t\t<div class=\"elementor-element elementor-element-7b1e55a e-con-full e-flex no e-con e-child\" data-id=\"7b1e55a\" data-element_type=\"container\">\n\t\t\t\t<div class=\"elementor-element elementor-element-3f9d8a1 elementor-widget elementor-widget-heading\" data-id=\"3f9d8a1\" data-element_type=\"widget\" data-widget_type=\"heading.default\">\n\t\t\t\t<div class=\"elementor-widget-container\">\n\t\t\t\t\t<h5 class=\"elementor-heading-title elementor-size-default\">\u00a1S\u00edguenos!\n<\/h5>\t\t\t\t<\/div>\n\t\t\t\t<\/div>\n\t\t\t\t<div class=\"elementor-element elementor-element-ecafff5 elementor-widget elementor-widget-ms-social-icons\" data-id=\"ecafff5\" data-element_type=\"widget\" data-widget_type=\"ms-social-icons.default\">\n\t\t\t\t<div class=\"elementor-widget-container\">\n\t\t\t\t\t        <div class=\"ms-s-w\">\r\n                    <a class=\"ms-s-i s-icon\" href=\"https:\/\/www.instagram.com\/boldhispanicmarketing\/\"><i class=\"fa-brands fa-instagram\"><\/i><\/a>\r\n                    <a class=\"ms-s-i s-icon\" href=\"https:\/\/www.linkedin.com\/company\/boldhispanicmarketing\/\"><i class=\"fa-brands fa-linkedin-in\"><\/i><\/a>\r\n                <\/div>\r\n    \t\t\t\t<\/div>\n\t\t\t\t<\/div>\n\t\t\t\t<\/div>\n\t\t\t\t<\/div>\n\t\t\t\t<div class=\"elementor-element elementor-element-bf1ec2d elementor-widget elementor-widget-html\" data-id=\"bf1ec2d\" data-element_type=\"widget\" data-widget_type=\"html.default\">\n\t\t\t\t<div class=\"elementor-widget-container\">\n\t\t\t\t\t<script type=\"text\/javascript\" src=\"https:\/\/api.clientify.net\/web-marketing\/superforms\/script\/233771.js\"><\/script>\t\t\t\t<\/div>\n\t\t\t\t<\/div>\n\t\t\t\t<\/div>\n\t\t\t\t\t<\/div>\n\t\t\t\t<\/div>\n\t\t\t\t<\/div>\n\t\t","protected":false},"excerpt":{"rendered":"<p>Trabajemos Juntos&nbsp; Trabajemos Juntos&nbsp; Trabajemos Juntos&nbsp; Trabajemos Juntos&nbsp; Trabajemos Juntos&nbsp; Trabajemos Juntos&nbsp; Hablemos \u2013 Estamos aqu\u00ed para ti Ya sea que quieras lanzar una [&hellip;]<\/p>\n","protected":false},"author":2,"featured_media":0,"parent":0,"menu_order":0,"comment_status":"closed","ping_status":"closed","template":"page-custom.php","meta":{"_acf_changed":false,"footnotes":""},"class_list":["post-11143","page","type-page","status-publish","hentry"],"acf":{"choi\u0441e_menu_page":"global_settings","full_width":false,"header_transparent":false,"header_white":false,"menu_type_page":"default","menu_align_page":"default"},"yoast_head":"<!-- This site is optimized with the Yoast SEO plugin v25.2 - https:\/\/yoast.com\/wordpress\/plugins\/seo\/ -->\n<title>Contacto - BOLD Hispanic Marketing Agency<\/title>\n<meta name=\"robots\" content=\"index, follow, max-snippet:-1, max-image-preview:large, max-video-preview:-1\" \/>\n<link rel=\"canonical\" href=\"https:\/\/boldhispanic.marketing\/newsite\/es\/contacto\/\" \/>\n<meta property=\"og:locale\" content=\"en_US\" \/>\n<meta property=\"og:type\" content=\"article\" \/>\n<meta property=\"og:title\" content=\"Contacto - BOLD Hispanic Marketing Agency\" \/>\n<meta property=\"og:description\" content=\"Trabajemos Juntos&nbsp; Trabajemos Juntos&nbsp; Trabajemos Juntos&nbsp; Trabajemos Juntos&nbsp; Trabajemos Juntos&nbsp; Trabajemos Juntos&nbsp; Hablemos \u2013 Estamos aqu\u00ed para ti Ya sea que quieras lanzar una [&hellip;]\" \/>\n<meta property=\"og:url\" content=\"https:\/\/boldhispanic.marketing\/newsite\/es\/contacto\/\" \/>\n<meta property=\"og:site_name\" content=\"BOLD Hispanic Marketing Agency\" \/>\n<meta property=\"article:modified_time\" content=\"2025-05-19T15:17:27+00:00\" \/>\n<meta property=\"og:image\" content=\"https:\/\/boldhispanic.marketing\/newsite\/wp-content\/uploads\/2025\/02\/Image_20250204_160916_304.png\" \/>\n<meta name=\"twitter:card\" content=\"summary_large_image\" \/>\n<meta name=\"twitter:label1\" content=\"Est. reading time\" \/>\n\t<meta name=\"twitter:data1\" content=\"4 minutes\" \/>\n<script type=\"application\/ld+json\" class=\"yoast-schema-graph\">{\"@context\":\"https:\/\/schema.org\",\"@graph\":[{\"@type\":\"WebPage\",\"@id\":\"https:\/\/boldhispanic.marketing\/newsite\/es\/contacto\/\",\"url\":\"https:\/\/boldhispanic.marketing\/newsite\/es\/contacto\/\",\"name\":\"Contacto - BOLD Hispanic Marketing Agency\",\"isPartOf\":{\"@id\":\"https:\/\/boldhispanic.marketing\/newsite\/#website\"},\"primaryImageOfPage\":{\"@id\":\"https:\/\/boldhispanic.marketing\/newsite\/es\/contacto\/#primaryimage\"},\"image\":{\"@id\":\"https:\/\/boldhispanic.marketing\/newsite\/es\/contacto\/#primaryimage\"},\"thumbnailUrl\":\"https:\/\/boldhispanic.marketing\/newsite\/wp-content\/uploads\/2025\/02\/Image_20250204_160916_304.png\",\"datePublished\":\"2025-04-23T13:44:29+00:00\",\"dateModified\":\"2025-05-19T15:17:27+00:00\",\"breadcrumb\":{\"@id\":\"https:\/\/boldhispanic.marketing\/newsite\/es\/contacto\/#breadcrumb\"},\"inLanguage\":\"en-US\",\"potentialAction\":[{\"@type\":\"ReadAction\",\"target\":[\"https:\/\/boldhispanic.marketing\/newsite\/es\/contacto\/\"]}]},{\"@type\":\"ImageObject\",\"inLanguage\":\"en-US\",\"@id\":\"https:\/\/boldhispanic.marketing\/newsite\/es\/contacto\/#primaryimage\",\"url\":\"https:\/\/boldhispanic.marketing\/newsite\/wp-content\/uploads\/2025\/02\/Image_20250204_160916_304.png\",\"contentUrl\":\"https:\/\/boldhispanic.marketing\/newsite\/wp-content\/uploads\/2025\/02\/Image_20250204_160916_304.png\",\"width\":1080,\"height\":1350},{\"@type\":\"BreadcrumbList\",\"@id\":\"https:\/\/boldhispanic.marketing\/newsite\/es\/contacto\/#breadcrumb\",\"itemListElement\":[{\"@type\":\"ListItem\",\"position\":1,\"name\":\"Home\",\"item\":\"https:\/\/boldhispanic.marketing\/newsite\/\"},{\"@type\":\"ListItem\",\"position\":2,\"name\":\"Contacto\"}]},{\"@type\":\"WebSite\",\"@id\":\"https:\/\/boldhispanic.marketing\/newsite\/#website\",\"url\":\"https:\/\/boldhispanic.marketing\/newsite\/\",\"name\":\"BOLD Hispanic Marketing Agency\",\"description\":\"\",\"publisher\":{\"@id\":\"https:\/\/boldhispanic.marketing\/newsite\/#organization\"},\"potentialAction\":[{\"@type\":\"SearchAction\",\"target\":{\"@type\":\"EntryPoint\",\"urlTemplate\":\"https:\/\/boldhispanic.marketing\/newsite\/?s={search_term_string}\"},\"query-input\":{\"@type\":\"PropertyValueSpecification\",\"valueRequired\":true,\"valueName\":\"search_term_string\"}}],\"inLanguage\":\"en-US\"},{\"@type\":\"Organization\",\"@id\":\"https:\/\/boldhispanic.marketing\/newsite\/#organization\",\"name\":\"BOLD Hispanic Marketing Agency\",\"url\":\"https:\/\/boldhispanic.marketing\/newsite\/\",\"logo\":{\"@type\":\"ImageObject\",\"inLanguage\":\"en-US\",\"@id\":\"https:\/\/boldhispanic.marketing\/newsite\/#\/schema\/logo\/image\/\",\"url\":\"https:\/\/boldhispanic.marketing\/newsite\/wp-content\/uploads\/2024\/06\/cropped-BOLD-Digital-Hispanic-Marketing-Agency-ORIGINAL-COLORS.png\",\"contentUrl\":\"https:\/\/boldhispanic.marketing\/newsite\/wp-content\/uploads\/2024\/06\/cropped-BOLD-Digital-Hispanic-Marketing-Agency-ORIGINAL-COLORS.png\",\"width\":3054,\"height\":872,\"caption\":\"BOLD Hispanic Marketing Agency\"},\"image\":{\"@id\":\"https:\/\/boldhispanic.marketing\/newsite\/#\/schema\/logo\/image\/\"}}]}<\/script>\n<!-- \/ Yoast SEO plugin. -->","yoast_head_json":{"title":"Contacto - BOLD Hispanic Marketing Agency","robots":{"index":"index","follow":"follow","max-snippet":"max-snippet:-1","max-image-preview":"max-image-preview:large","max-video-preview":"max-video-preview:-1"},"canonical":"https:\/\/boldhispanic.marketing\/newsite\/es\/contacto\/","og_locale":"en_US","og_type":"article","og_title":"Contacto - BOLD Hispanic Marketing Agency","og_description":"Trabajemos Juntos&nbsp; Trabajemos Juntos&nbsp; Trabajemos Juntos&nbsp; Trabajemos Juntos&nbsp; Trabajemos Juntos&nbsp; Trabajemos Juntos&nbsp; Hablemos \u2013 Estamos aqu\u00ed para ti Ya sea que quieras lanzar una [&hellip;]","og_url":"https:\/\/boldhispanic.marketing\/newsite\/es\/contacto\/","og_site_name":"BOLD Hispanic Marketing Agency","article_modified_time":"2025-05-19T15:17:27+00:00","og_image":[{"url":"https:\/\/boldhispanic.marketing\/newsite\/wp-content\/uploads\/2025\/02\/Image_20250204_160916_304.png","type":"","width":"","height":""}],"twitter_card":"summary_large_image","twitter_misc":{"Est. reading time":"4 minutes"},"schema":{"@context":"https:\/\/schema.org","@graph":[{"@type":"WebPage","@id":"https:\/\/boldhispanic.marketing\/newsite\/es\/contacto\/","url":"https:\/\/boldhispanic.marketing\/newsite\/es\/contacto\/","name":"Contacto - BOLD Hispanic Marketing Agency","isPartOf":{"@id":"https:\/\/boldhispanic.marketing\/newsite\/#website"},"primaryImageOfPage":{"@id":"https:\/\/boldhispanic.marketing\/newsite\/es\/contacto\/#primaryimage"},"image":{"@id":"https:\/\/boldhispanic.marketing\/newsite\/es\/contacto\/#primaryimage"},"thumbnailUrl":"https:\/\/boldhispanic.marketing\/newsite\/wp-content\/uploads\/2025\/02\/Image_20250204_160916_304.png","datePublished":"2025-04-23T13:44:29+00:00","dateModified":"2025-05-19T15:17:27+00:00","breadcrumb":{"@id":"https:\/\/boldhispanic.marketing\/newsite\/es\/contacto\/#breadcrumb"},"inLanguage":"en-US","potentialAction":[{"@type":"ReadAction","target":["https:\/\/boldhispanic.marketing\/newsite\/es\/contacto\/"]}]},{"@type":"ImageObject","inLanguage":"en-US","@id":"https:\/\/boldhispanic.marketing\/newsite\/es\/contacto\/#primaryimage","url":"https:\/\/boldhispanic.marketing\/newsite\/wp-content\/uploads\/2025\/02\/Image_20250204_160916_304.png","contentUrl":"https:\/\/boldhispanic.marketing\/newsite\/wp-content\/uploads\/2025\/02\/Image_20250204_160916_304.png","width":1080,"height":1350},{"@type":"BreadcrumbList","@id":"https:\/\/boldhispanic.marketing\/newsite\/es\/contacto\/#breadcrumb","itemListElement":[{"@type":"ListItem","position":1,"name":"Home","item":"https:\/\/boldhispanic.marketing\/newsite\/"},{"@type":"ListItem","position":2,"name":"Contacto"}]},{"@type":"WebSite","@id":"https:\/\/boldhispanic.marketing\/newsite\/#website","url":"https:\/\/boldhispanic.marketing\/newsite\/","name":"BOLD Hispanic Marketing Agency","description":"","publisher":{"@id":"https:\/\/boldhispanic.marketing\/newsite\/#organization"},"potentialAction":[{"@type":"SearchAction","target":{"@type":"EntryPoint","urlTemplate":"https:\/\/boldhispanic.marketing\/newsite\/?s={search_term_string}"},"query-input":{"@type":"PropertyValueSpecification","valueRequired":true,"valueName":"search_term_string"}}],"inLanguage":"en-US"},{"@type":"Organization","@id":"https:\/\/boldhispanic.marketing\/newsite\/#organization","name":"BOLD Hispanic Marketing Agency","url":"https:\/\/boldhispanic.marketing\/newsite\/","logo":{"@type":"ImageObject","inLanguage":"en-US","@id":"https:\/\/boldhispanic.marketing\/newsite\/#\/schema\/logo\/image\/","url":"https:\/\/boldhispanic.marketing\/newsite\/wp-content\/uploads\/2024\/06\/cropped-BOLD-Digital-Hispanic-Marketing-Agency-ORIGINAL-COLORS.png","contentUrl":"https:\/\/boldhispanic.marketing\/newsite\/wp-content\/uploads\/2024\/06\/cropped-BOLD-Digital-Hispanic-Marketing-Agency-ORIGINAL-COLORS.png","width":3054,"height":872,"caption":"BOLD Hispanic Marketing Agency"},"image":{"@id":"https:\/\/boldhispanic.marketing\/newsite\/#\/schema\/logo\/image\/"}}]}},"_links":{"self":[{"href":"https:\/\/boldhispanic.marketing\/newsite\/wp-json\/wp\/v2\/pages\/11143","targetHints":{"allow":["GET"]}}],"collection":[{"href":"https:\/\/boldhispanic.marketing\/newsite\/wp-json\/wp\/v2\/pages"}],"about":[{"href":"https:\/\/boldhispanic.marketing\/newsite\/wp-json\/wp\/v2\/types\/page"}],"author":[{"embeddable":true,"href":"https:\/\/boldhispanic.marketing\/newsite\/wp-json\/wp\/v2\/users\/2"}],"replies":[{"embeddable":true,"href":"https:\/\/boldhispanic.marketing\/newsite\/wp-json\/wp\/v2\/comments?post=11143"}],"version-history":[{"count":25,"href":"https:\/\/boldhispanic.marketing\/newsite\/wp-json\/wp\/v2\/pages\/11143\/revisions"}],"predecessor-version":[{"id":12034,"href":"https:\/\/boldhispanic.marketing\/newsite\/wp-json\/wp\/v2\/pages\/11143\/revisions\/12034"}],"wp:attachment":[{"href":"https:\/\/boldhispanic.marketing\/newsite\/wp-json\/wp\/v2\/media?parent=11143"}],"curies":[{"name":"wp","href":"https:\/\/api.w.org\/{rel}","templated":true}]}}